{"id":213,"date":"2022-02-16T16:57:23","date_gmt":"2022-02-16T16:57:23","guid":{"rendered":"https:\/\/www.a4i.es\/?page_id=213"},"modified":"2022-03-22T17:32:37","modified_gmt":"2022-03-22T17:32:37","slug":"ayuda-pymes","status":"publish","type":"page","link":"https:\/\/www.a4i.es\/index.php\/ayuda-pymes\/","title":{"rendered":"KIT DIGITAL"},"content":{"rendered":"\n<h1 class=\"wp-block-heading\">Programa KIT DIGITAL<\/h1>\n\n\n\n<h5 class=\"wp-block-heading\"><strong>100% Subvencionado hasta 12.000 \u20ac<\/strong><br>\u00a1Digitaliza ya tu empresa!<\/h5>\n\n\n\n<figure class=\"wp-block-image size-large\"><img loading=\"lazy\" decoding=\"async\" width=\"1024\" height=\"119\" src=\"https:\/\/www.a4i.es\/wp-content\/uploads\/2022\/03\/Logo-digitalizadores-1024x119.png\" alt=\"\" class=\"wp-image-230\" srcset=\"https:\/\/www.a4i.es\/wp-content\/uploads\/2022\/03\/Logo-digitalizadores-1024x119.png 1024w, https:\/\/www.a4i.es\/wp-content\/uploads\/2022\/03\/Logo-digitalizadores-300x35.png 300w, https:\/\/www.a4i.es\/wp-content\/uploads\/2022\/03\/Logo-digitalizadores-768x89.png 768w, https:\/\/www.a4i.es\/wp-content\/uploads\/2022\/03\/Logo-digitalizadores-1536x178.png 1536w, https:\/\/www.a4i.es\/wp-content\/uploads\/2022\/03\/Logo-digitalizadores-2048x238.png 2048w, https:\/\/www.a4i.es\/wp-content\/uploads\/2022\/03\/Logo-digitalizadores-1920x223.png 1920w\" sizes=\"auto, (max-width: 1024px) 100vw, 1024px\" \/><\/figure>\n\n\n\n<p><\/p>\n\n\n\n<hr class=\"wp-block-separator\"\/>\n\n\n\n<ul class=\"wp-block-list\"><li><strong>A4I est\u00e1 adherido al Cat\u00e1logo de Soluciones de Digitalizaci\u00f3n del Programa Kit Digital.<\/strong>&nbsp;La financiaci\u00f3n de las ayudas se efect\u00faa con fondos del Plan de Recuperaci\u00f3n, Transformaci\u00f3n y Resiliencia de Espa\u00f1a, financiado por el Plan europeo Next Generation EU.<\/li><\/ul>\n\n\n\n<h2 class=\"wp-block-heading\">\u00bfQu\u00e9 es el programa<br>Kit Digital?<\/h2>\n\n\n\n<p>El programa&nbsp;<strong>KIT DIGITAL es una nueva ayuda p\u00fablica dirigida a la digitalizaci\u00f3n de empresas<\/strong>. El principal objetivo del programa es implantar soluciones digitales que ayuden a las empresas a alcanzar un nivel de madurez digital, imprescindible para todo tipo de negocio.<\/p>\n\n\n\n<p>El programa est\u00e1 dirigido a peque\u00f1as empresas, microempresas y aut\u00f3nomos que pertenezcan a cualquier tipo de negocio o sector.<br><strong>Procedente de fondos europeos<\/strong>, el programa KIT DIGITAL es una nueva iniciativa del Ministerio de Asuntos Tecnol\u00f3gicos y Transformaci\u00f3n Digital.<\/p>\n\n\n\n<h4 class=\"wp-block-heading\">En&nbsp;<strong>A4I<\/strong>&nbsp;queremos ser el agente digitalizador encargado de tu proyecto. Te acompa\u00f1aremos durante todo el proceso, desde la solicitud hasta la entrega final de todas las soluciones seleccionadas.<\/h4>\n\n\n\n<ul class=\"wp-block-list\"><li>\u00bfDe cu\u00e1nto es la ayuda del programa Kit Digital? El programa subvenciona el&nbsp;<strong>100%<\/strong>&nbsp;del coste de los proyectos.<\/li><\/ul>\n\n\n\n<p><\/p>\n\n\n\n<h2 class=\"wp-block-heading\">Requisitos para ser beneficiario del programa Kit Digital<\/h2>\n\n\n\n<ul class=\"wp-block-list\"><li>Cumplir con la&nbsp;<strong>Ley General de Subvenciones<\/strong><\/li><li>Tener menos de 50 empleados*.<\/li><li>Estar inscrito en el Censo de empresarios, profesionales y retenedores de la Agencia Estatal de Administraci\u00f3n Tributaria.<\/li><li>No tener consideraci\u00f3n de empresa en crisis.<\/li><\/ul>\n\n\n\n<ul class=\"wp-block-list\"><li>Estar al corriente de las obligaciones tributarias y con la Seguridad Social.<\/li><li>No superar el l\u00edmite de ayudas de m\u00ednimis.<\/li><li>Haber realizado el test de diagn\u00f3stico del programa Kit Digital.<\/li><\/ul>\n\n\n\n<p>*(La categorizaci\u00f3n de empresas y de cuant\u00edas a recibir se har\u00e1 en base al n\u00famero de empleados detallado en la tabla de Segmentos de empresas beneficiarias)<\/p>\n\n\n\n<h2 class=\"wp-block-heading\">Principales caracter\u00edsticas del programa Kit Digital<\/h2>\n\n\n\n<ul class=\"wp-block-list\"><li><strong>Programa KIT DIGITAL<\/strong>&nbsp;pone a disposici\u00f3n de las empresas y aut\u00f3nomos diferentes paquetes (o kits) con soluciones digitales.<\/li><li>Las soluciones digitales ser\u00e1n llevadas a cabo por agentes digitalizadores certificados por Red.es.&nbsp;<strong>A4I ser\u00e1 una de las empresas homologadas<\/strong>&nbsp;para poder llevar a cabo tu proyecto.<\/li><li>Para saber qu\u00e9 soluci\u00f3n es la m\u00e1s adecuada para tu negocio, es imprescindible que realices un&nbsp;<a rel=\"noreferrer noopener\" href=\"https:\/\/www.acelerapyme.gob.es\/quieres-conocer-el-grado-de-digitalizacion-de-tu-pyme\" target=\"_blank\">test de autodiagn\u00f3stico<\/a>&nbsp;sobre tu negocio. El resultado de este test determinar\u00e1 el nivel de intensidad digital de tu empresa y qu\u00e9 soluci\u00f3n o soluciones son las adecuadas para tu negocio.<\/li><li>La concesi\u00f3n de la ayuda ser\u00e1 de concurrencia no competitiva. Es decir,&nbsp;<strong>por orden de entrada<\/strong>.<\/li><li>Una vez concedida, dispondr\u00e1s de&nbsp;<strong>6 meses para gastar la ayuda<\/strong>. Podr\u00e1s escoger hasta 5 soluciones digitales de un a\u00f1o de duraci\u00f3n.<\/li><\/ul>\n\n\n\n<h2 class=\"wp-block-heading\">Cantidades m\u00e1ximas subvencionables<\/h2>\n\n\n\n<p>La cantidad m\u00e1xima subvencionable para cada empresa depender\u00e1 del tama\u00f1o de la misma. A continuaci\u00f3n, veremos cu\u00e1les son los importes m\u00e1ximos subvencionables para cada empresa:<\/p>\n\n\n\n<figure class=\"wp-block-table\"><table class=\"\"><tbody><tr><th>Segmentos de empresas beneficiarias<\/th><th>Importe m\u00e1ximo concedido<\/th><\/tr><tr><td>Segmento I. Peque\u00f1as empresas de entre 10 y 49 empleados.<\/td><td>12.000 \u20ac<\/td><\/tr><tr><td>Segmento II. Peque\u00f1as empresas o microempresas de entre 3 y 9 empleados.<\/td><td>6.000 \u20ac<\/td><\/tr><tr><td>Segmento III. Peque\u00f1as empresas o microempresas de entre 0 y 2 empleados.<\/td><td>2.000 \u20ac<\/td><\/tr><\/tbody><\/table><\/figure>\n\n\n\n<div style=\"height:100px\" aria-hidden=\"true\" class=\"wp-block-spacer\"><\/div>\n\n\n\n<p> <\/p>\n\n\n\n<h2 class=\"wp-block-heading\">CATEGORIAS DISPONIBLES<\/h2>\n\n\n\n<p> <\/p>\n\n\n\n<p class=\"has-text-color has-background has-very-light-gray-color has-vivid-cyan-blue-background-color\"><strong><em>(CATEGORIA 1)<\/em><\/strong> <strong>CATEGOR\u00cdA SITIO WEB Y PRESENCIA EN INTERNET<\/strong><\/p>\n\n\n\n<p><em>Kit de p\u00e1gina web<\/em><\/p>\n\n\n\n<p><em><strong>Desde&nbsp;1.250\u20ac\/primer a\u00f1o (100% subvencionable)<\/strong><\/em><\/p>\n\n\n\n<p><em>despu\u00e9s desde&nbsp;21,98\u20ac\/mes<\/em><\/p>\n\n\n\n<ul class=\"wp-block-list\"><li><strong>Dise\u00f1amos tu p\u00e1gina web<\/strong>&nbsp;a medida y de forma personalizada<\/li><li><strong>Dominio<\/strong><\/li><li><strong>Hosting<\/strong><\/li><li>Web&nbsp;<strong>responsive<\/strong>&nbsp;y&nbsp;<strong>autogestionable<\/strong><\/li><li><strong>Posicionamiento<\/strong>&nbsp;b\u00e1sico y&nbsp;<strong>optimizaci\u00f3n<\/strong>&nbsp;de la presencia en buscadores<\/li><li>Certificado&nbsp;<strong>SSL<\/strong><\/li><li><strong>Correo<\/strong><\/li><li><strong>Formaci\u00f3n<\/strong><\/li><\/ul>\n\n\n\n<p>  <\/p>\n\n\n\n<div style=\"height:100px\" aria-hidden=\"true\" class=\"wp-block-spacer\"><\/div>\n\n\n\n<p> <\/p>\n\n\n\n<p class=\"has-text-color has-background has-very-light-gray-color has-vivid-cyan-blue-background-color\"><em><strong>(CATEGORIA 2)<\/strong> <\/em><strong>CATEGOR\u00cdA COMERCIO ELECTR\u00d3NICO<\/strong><\/p>\n\n\n\n<p>K<em>it de tiendas online<\/em><\/p>\n\n\n\n<p><em><strong>Desde&nbsp;2.000\u20ac\/primer a\u00f1o (100% subvencionable)<\/strong><\/em><\/p>\n\n\n\n<p><em>despu\u00e9s desde&nbsp;21,98\u20ac\/mes<\/em><\/p>\n\n\n\n<ul class=\"wp-block-list\"><li><strong>Creamos y dise\u00f1amos tu tienda online<\/strong>&nbsp;a medida<\/li><li><strong>Dominio<\/strong><\/li><li><strong>Hosting<\/strong><\/li><li><strong>M\u00e9todos de pago<\/strong>&nbsp;y&nbsp;<strong>formas de env\u00edo<\/strong><\/li><li>Web&nbsp;<strong>responsive<\/strong>&nbsp;y&nbsp;<strong>autogestionable<\/strong><\/li><li><strong>Posicionamiento<\/strong>&nbsp;b\u00e1sico y&nbsp;<strong>optimizaci\u00f3n<\/strong>&nbsp;de la presencia en buscadores<\/li><li>Certificado&nbsp;<strong>SSL<\/strong><\/li><li><strong>Correo<\/strong><\/li><li><strong>Formaci\u00f3n<\/strong><\/li><\/ul>\n\n\n\n<p>  <\/p>\n\n\n\n<div style=\"height:100px\" aria-hidden=\"true\" class=\"wp-block-spacer\"><\/div>\n\n\n<p><br \/><br \/><!--StartFragment--><\/p>\n\n\n<p class=\"has-text-color has-background has-very-light-gray-color has-vivid-cyan-blue-background-color\"><strong><em>(CATEGORIA 4)<\/em><\/strong> <strong>GESTION DE CLIENTES \/ PROVEEDORES<\/strong><\/p>\n\n\n\n<p><em>Optimiza tus clientes<\/em><\/p>\n\n\n\n<p>Desde <strong>1000 &#8211; 8000\u20ac (100% subvencionable)<\/strong> <\/p>\n\n\n\n<ul class=\"wp-block-list\"><li><strong>Gesti\u00f3n de clientes<\/strong> actuales y potenciales<\/li><li>Optimiza tus clientes potenciales<\/li><li><strong>Campa\u00f1as comerciales mas potentes<\/strong><\/li><li><strong>Seguimientos de clientes<\/strong><\/li><li>Aumenta tus ventas<\/li><li><strong>Seguimiento comercial<\/strong><\/li><li><strong>Automatiza Oportunidades<\/strong><\/li><\/ul>\n\n\n<p><!--EndFragment--><br \/><br \/><\/p>\n\n\n<div style=\"height:100px\" aria-hidden=\"true\" class=\"wp-block-spacer\"><\/div>\n\n\n\n<p class=\"has-text-color has-background has-very-light-gray-color has-vivid-cyan-blue-background-color\"><strong><em>(CATEGORIA 5)<\/em><\/strong> <strong>CATEGOR\u00cdA CIBERSEGURIDAD<\/strong><\/p>\n\n\n\n<p><em>Kit de seguridad<\/em><\/p>\n\n\n\n<p><strong>Desde<\/strong> <strong><em>120\u20ac\/primer a\u00f1o por dispositivo (100% subvencionable)<\/em><\/strong><\/p>\n\n\n\n<p><em>despu\u00e9s&nbsp;5\u20ac\/mes<\/em><\/p>\n\n\n\n<ul class=\"wp-block-list\"><li><strong>Configuraci\u00f3n<\/strong>&nbsp;inicial y&nbsp;<strong>actualizaciones<\/strong>&nbsp;de seguridad<\/li><li><strong>Antimalware<\/strong><\/li><li><strong>Antispyware<\/strong><\/li><li><strong>Correo<\/strong>&nbsp;seguro con&nbsp;<strong>Antispam<\/strong>&nbsp;y&nbsp;<strong>Antiphishing<\/strong><\/li><li>Navegaci\u00f3n segura con&nbsp;<strong>control de contenidos<\/strong>&nbsp;y&nbsp;<strong>Antiadware<\/strong><\/li><li><strong>An\u00e1lisis<\/strong>&nbsp;y&nbsp;<strong>detecci\u00f3n<\/strong>&nbsp;de amenazas<\/li><li><strong>Monitorizaci\u00f3n<\/strong>&nbsp;de la red<\/li><li><strong>Formaci\u00f3n<\/strong><\/li><\/ul>\n\n\n\n<p><\/p>\n\n\n\n<div style=\"height:100px\" aria-hidden=\"true\" class=\"wp-block-spacer\"><\/div>\n\n\n\n<p><\/p>\n","protected":false},"excerpt":{"rendered":"<p>Programa KIT DIGITAL 100% Subvencionado hasta 12.000 \u20ac\u00a1Digitaliza ya tu empresa! A4I est\u00e1 adherido al Cat\u00e1logo de Soluciones de Digitalizaci\u00f3n del Programa Kit Digital.&nbsp;La financiaci\u00f3n de las ayudas se efect\u00faa con fondos del Plan de Recuperaci\u00f3n, Transformaci\u00f3n y Resiliencia de Espa\u00f1a, financiado por el Plan europeo Next Generation EU. \u00bfQu\u00e9 es el programaKit Digital? El&hellip; <br \/> <a class=\"button small blue\" href=\"https:\/\/www.a4i.es\/index.php\/ayuda-pymes\/\">Leer m\u00e1s<\/a><\/p>\n","protected":false},"author":1,"featured_media":0,"parent":0,"menu_order":0,"comment_status":"closed","ping_status":"closed","template":"","meta":{"footnotes":""},"class_list":["post-213","page","type-page","status-publish","hentry"],"_links":{"self":[{"href":"https:\/\/www.a4i.es\/index.php\/wp-json\/wp\/v2\/pages\/213","targetHints":{"allow":["GET"]}}],"collection":[{"href":"https:\/\/www.a4i.es\/index.php\/wp-json\/wp\/v2\/pages"}],"about":[{"href":"https:\/\/www.a4i.es\/index.php\/wp-json\/wp\/v2\/types\/page"}],"author":[{"embeddable":true,"href":"https:\/\/www.a4i.es\/index.php\/wp-json\/wp\/v2\/users\/1"}],"replies":[{"embeddable":true,"href":"https:\/\/www.a4i.es\/index.php\/wp-json\/wp\/v2\/comments?post=213"}],"version-history":[{"count":14,"href":"https:\/\/www.a4i.es\/index.php\/wp-json\/wp\/v2\/pages\/213\/revisions"}],"predecessor-version":[{"id":234,"href":"https:\/\/www.a4i.es\/index.php\/wp-json\/wp\/v2\/pages\/213\/revisions\/234"}],"wp:attachment":[{"href":"https:\/\/www.a4i.es\/index.php\/wp-json\/wp\/v2\/media?parent=213"}],"curies":[{"name":"wp","href":"https:\/\/api.w.org\/{rel}","templated":true}]}}