{"id":9,"date":"2020-04-02T21:21:27","date_gmt":"2020-04-02T21:21:27","guid":{"rendered":"https:\/\/www.a4i.es\/index.php\/one-page-express\/"},"modified":"2026-02-24T07:39:49","modified_gmt":"2026-02-24T07:39:49","slug":"one-page-express","status":"publish","type":"page","link":"https:\/\/www.a4i.es\/","title":{"rendered":"Front Page"},"content":{"rendered":"<div  id=\"aboutg\" style=\"background-color: #f6f6f6;\" data-label=\"AboutG\" data-id=\"about-big-images-section\" data-category=\"about\" class=\"about-big-images-section\"> <div  class=\"gridContainer\"> <div  class=\"about-big-images-textrow\"> <div  class=\"about-big-images-textcol dynamic-color\" data-type=\"column\"> <h5  class=\"\">NUESTRA EMPRESA<\/h5> <h3  class=\"\">&nbsp;Consultor\u00eda y Servicios de&nbsp;<span  href=\"#\" class=\"span25\">tecnolog\u00edas de la Informaci\u00f3n<\/span>&nbsp;con una amplia experiencia.<\/h3> <p  class=\"\">La experiencia, nuestra filosof\u00eda de trabajo y la alta cualificaci\u00f3n de nuestros profesionales consolidan d\u00eda a d\u00eda a nuestra empresa en una posici\u00f3n destacada dentro de su sector.<\/p>  <\/div> <\/div> <\/div> <div  class=\"about-big-images-bottomrow\"> <div  class=\"about-big-images-leftimgcol\"><img  decoding=\"async\" class=\"about-big-images-leftimg\" src=\"https:\/\/www.a4i.es\/wp-content\/plugins\/one-page-express-companion\/theme-data\/one-page-express\/sections\/images\/nordwood-themes-180852.jpg\"> <\/div> <div  class=\"about-big-images-centerimgcol\"><img  decoding=\"async\" class=\"about-big-images-centerimg\" src=\"https:\/\/www.a4i.es\/wp-content\/plugins\/one-page-express-companion\/theme-data\/one-page-express\/sections\/images\/ir5likvfqc4-william-iven-1920x1275.jpg\"> <\/div> <div  class=\"about-big-images-rightimgcol\"><img  decoding=\"async\" class=\"about-big-images-rightimg\" src=\"https:\/\/www.a4i.es\/wp-content\/plugins\/one-page-express-companion\/theme-data\/one-page-express\/sections\/images\/project1.jpg\"> <\/div> <\/div> <\/div><div  id=\"content-3\" style=\"background-color: #ffffff;\" data-label=\"Content\" data-id=\"content-image-left\" data-category=\"content\" class=\"content-left-image-section\"> <div  class=\"gridContainer\"> <div  class=\"row\"> <div  class=\"content-left-image-imgcol\" data-type=\"column\"> <img  decoding=\"async\" src=\"https:\/\/www.a4i.es\/wp-content\/uploads\/2020\/04\/1790547.jpeg\" class=\"\"> <\/div> <div  class=\"content-left-image-textcol dynamic-color\" data-type=\"column\"> <h2  class=\"\">Desarollo de S\u00f3ftware, App y P\u00e1ginas Web.<\/h2> <p  class=\"large_text\"> Somos especialistas en el desarrollo de soluciones s\u00f3ftware, APP y p\u00e1ginas web con las que satisfacer las necesidades de los clientes. Tambi\u00e9n somo distribuidores de herramientas de gesti\u00f3n empresarial reconocidas en el mercado.<\/p> <a class=\"button blue\" href=\"#\" target=\"_self\" rel=\"noopener noreferrer\"> MAS INFO <\/a> <\/div> <\/div> <\/div> <\/div><div  id=\"content-4\" style=\"background-color: #f6f6f6;\" data-label=\"Content\" data-id=\"content-image-right\" data-category=\"content\" class=\"content-right-image-section\"> <div  class=\"gridContainer\"> <div  class=\"content-right-image-gridcol\"> <div  class=\"content-right-image-textcol dynamic-color\" data-type=\"column\"> <h2  class=\"\">Servicio T\u00e9cnico para empresas&nbsp; y particulares (SAT)<\/h2> <p  class=\"large_text\">Mantenimiento de equipos, mantenimiento de redes, mantenimiento de servidores, limpieza interna y externa de equipos, cableado, telecomunicaciones , control remoto, videovigilancia\u2026 etc.<\/p> <a class=\"button blue\" href=\"#\" target=\"_self\" rel=\"noopener noreferrer\"> MAS INFO <\/a> <\/div> <div  class=\"content-right-image-imgcol\" data-type=\"column\"> <img  decoding=\"async\" src=\"https:\/\/www.a4i.es\/wp-content\/uploads\/2020\/04\/cropped-ordenadores-sitgespc.jpg\" class=\"\"> <\/div> <\/div> <\/div> <\/div><div  id=\"portfolio-2\" style=\"background-color: rgb(255, 255, 255);\" data-label=\"Portfolio\" data-id=\"portfolio-full-section\" data-category=\"portfolio\"> <div  class=\"portfolio-full-section\" data-type=\"row\"> <div  class=\"portfolio-full-projectco cp4cols-tablet cp4cols\"> <div  class=\"contentswap-effect ContentSwap103\" hover-fx=\"ContentSwap103\" id=\"ContentSwap103\"> <div  class=\"ContentSwap103_content initial-image\"><img  decoding=\"async\" class=\"portfolio-full-projectimg\" data-size=\"1200x800\" src=\"https:\/\/www.a4i.es\/wp-content\/uploads\/2020\/04\/cropped-odoo_2-2.jpg\"> <\/div> <div  class=\"overlay\" style=\"display: block; opacity: 1;\"><\/div> <div  class=\"swap-inner\" style=\"opacity: 1; display: block;\"> <div  class=\"ContentSwap103-center\"> <h4  class=\"protfolio-full-itemtitle\">ASESOR DESARROLLO<\/h4><a class=\"button yellow\" href=\"https:\/\/www.odoo.com\" target=\"_blank\" rel=\"noopener noreferrer\">INFORMACION<\/a> <\/div> <\/div> <\/div> <\/div> <div  class=\"portfolio-full-projectco cp4cols-tablet cp4cols\"> <div  class=\"contentswap-effect ContentSwap103\" hover-fx=\"ContentSwap103\" id=\"ContentSwap103\" is-hovered=\"1\"> <div  class=\"ContentSwap103_content initial-image\"><img  decoding=\"async\" class=\"portfolio-full-projectimg\" data-size=\"1200x800\" src=\"https:\/\/www.a4i.es\/wp-content\/uploads\/2024\/07\/cropped-vermultimedia.png\"> <\/div> <div  class=\"overlay\" style=\"display: block; opacity: 1;\"><\/div> <div  class=\"swap-inner\" style=\"opacity: 1; display: block;\"> <div  class=\"ContentSwap103-center\"> <h4  class=\"protfolio-full-itemtitle\">DISTRIBUIDOR OFICIAL<\/h4><a class=\"button yellow\" href=\"https:\/\/cashlogy.com\/es\" target=\"_blank\" rel=\"noopener noreferrer\">informacion<\/a> <\/div> <\/div> <\/div> <\/div> <div  class=\"portfolio-full-projectco cp4cols-tablet cp4cols\"> <div  class=\"contentswap-effect ContentSwap103\" hover-fx=\"ContentSwap103\" id=\"ContentSwap103\" is-hovered=\"1\"> <div  class=\"ContentSwap103_content initial-image\"><img  decoding=\"async\" class=\"portfolio-full-projectimg\" data-size=\"1200x800\" src=\"https:\/\/www.a4i.es\/wp-content\/uploads\/2020\/04\/cropped-NumierOnline2014-1.jpg\"> <\/div> <div  class=\"overlay\" style=\"display: block; opacity: 1;\"><\/div> <div  class=\"swap-inner\" style=\"opacity: 1; display: block;\"> <div  class=\"ContentSwap103-center\"> <h4  class=\"protfolio-full-itemtitle\">PARTNERS<\/h4><a class=\"button yellow\" href=\"https:\/\/www.numier.es\" target=\"_blank\" rel=\"noopener noreferrer\">INFORMACION<\/a> <\/div> <\/div> <\/div> <\/div><\/div><\/div><div  id=\"numbers\" data-label=\"Numbers\" data-id=\"numbers-section\" data-category=\"numbers\" data-bg=\"transparent\" class=\"numbers-section\" data-parallax-depth=\"20\"> <div  class=\"gridContainer dynamic-color\"> <div  class=\"numbers-itemcol\"> <h2  class=\"numbers-numbertext\">24\/365<\/h2> <h3  class=\"numbers-titletext\">SOPORTE<\/h3> <\/div> <div  class=\"numbers-itemcol\"> <h2  class=\"numbers-numbertext\">+500<\/h2> <h3  class=\"numbers-titletext\">CLIENTES<\/h3> <\/div> <div  class=\"numbers-itemcol-last\"> <h2  class=\"numbers-numbertext\">+30<\/h2> <h3  class=\"numbers-titletext\">CIUDADES<\/h3> <\/div> <\/div><\/div><div  id=\"contact-4\" data-label=\"Contact\" data-id=\"contact-section\" data-category=\"contact\" data-bg=\"transparent\" class=\"contact-section-formsection white-text\"> <div  class=\"gridContainer\"> <div  class=\"row_224\"> <div  class=\"contact-textrow\"> <div  class=\"contact-textcol dynamic-color\"> <h2  class=\"\">Le Esperamos<\/h2> <p  class=\"white_text\">Si desea contactar con nosotros por favor rellene el siguiente formulario sin compromiso, contactaremos con usted en 24\/48 h.<\/p> <\/div> <\/div> <\/div> <div  class=\"contact-formcol\" data-content-shortcode=\"one_page_express_contact_form shortcode=&quot;contact-form-7 id=&amp;amp;quot;77&amp;amp;quot; title=&amp;amp;quot;Formulario de contacto 1&amp;amp;quot;&quot;\" data-editable=\"true\">\n<div class=\"wpcf7 no-js\" id=\"wpcf7-f77-o1\" lang=\"es-ES\" dir=\"ltr\" data-wpcf7-id=\"77\">\n<div class=\"screen-reader-response\"><p role=\"status\" aria-live=\"polite\" aria-atomic=\"true\"><\/p> <ul><\/ul><\/div>\n<form action=\"\/index.php\/wp-json\/wp\/v2\/pages\/9#wpcf7-f77-o1\" method=\"post\" class=\"wpcf7-form init\" aria-label=\"Formulario de contacto\" novalidate=\"novalidate\" data-status=\"init\">\n<fieldset class=\"hidden-fields-container\"><input type=\"hidden\" name=\"_wpcf7\" value=\"77\" \/><input type=\"hidden\" name=\"_wpcf7_version\" value=\"6.1.5\" \/><input type=\"hidden\" name=\"_wpcf7_locale\" value=\"es_ES\" \/><input type=\"hidden\" name=\"_wpcf7_unit_tag\" value=\"wpcf7-f77-o1\" \/><input type=\"hidden\" name=\"_wpcf7_container_post\" value=\"0\" \/><input type=\"hidden\" name=\"_wpcf7_posted_data_hash\" value=\"\" \/>\n<\/fieldset>\n<p><label> Nombre (obligatorio)<br \/>\n<span class=\"wpcf7-form-control-wrap\" data-name=\"your-name\"><input size=\"40\" maxlength=\"400\" class=\"wpcf7-form-control wpcf7-text wpcf7-validates-as-required\" aria-required=\"true\" aria-invalid=\"false\" value=\"\" type=\"text\" name=\"your-name\" \/><\/span> <\/label>\n<\/p>\n<p><label> Correo electr\u00f3nico (obligatorio)<br \/>\n<span class=\"wpcf7-form-control-wrap\" data-name=\"your-email\"><input size=\"40\" maxlength=\"400\" class=\"wpcf7-form-control wpcf7-email wpcf7-validates-as-required wpcf7-text wpcf7-validates-as-email\" aria-required=\"true\" aria-invalid=\"false\" value=\"\" type=\"email\" name=\"your-email\" \/><\/span> <\/label>\n<\/p>\n<p><label> Asunto<br \/>\n<span class=\"wpcf7-form-control-wrap\" data-name=\"your-subject\"><input size=\"40\" maxlength=\"400\" class=\"wpcf7-form-control wpcf7-text\" aria-invalid=\"false\" value=\"\" type=\"text\" name=\"your-subject\" \/><\/span> <\/label>\n<\/p>\n<p><label> Mensaje<br \/>\n<span class=\"wpcf7-form-control-wrap\" data-name=\"your-message\"><textarea cols=\"40\" rows=\"10\" maxlength=\"2000\" class=\"wpcf7-form-control wpcf7-textarea\" aria-invalid=\"false\" name=\"your-message\"><\/textarea><\/span> <\/label>\n<\/p>\n<p><span class=\"wpcf7-form-control-wrap\" data-name=\"acceptance-390\"><span class=\"wpcf7-form-control wpcf7-acceptance optional\"><span class=\"wpcf7-list-item\"><label><input type=\"checkbox\" name=\"acceptance-390\" value=\"1\" aria-invalid=\"false\" \/><span class=\"wpcf7-list-item-label\">Acepto la totalidad de condiciones  del <a href=\"https:\/\/www.a4i.es\/avisopolitica.pdf\" target=\"_blank\">Aviso Legal<\/a> y <a href=\"https:\/\/www.a4i.es\/avisopolitica1.pdf\" target=\"_blank\">Pol\u00edtica de Privacidad<\/a>.<\/span><\/label><\/span><\/span><\/span>\n<\/p>\n<center>\n\t<p><input type=\"hidden\" name=\"contact_form_7_recaptcha\" value=\"g-recaptcha-GznMZgJO02LHAxB\" class=\"g-recaptcha-explicit-id\"><div id=\"g-recaptcha-GznMZgJO02LHAxB\"><\/div><span class=\"wpcf7-form-control-wrap g-recaptcha-explicit\" data-sitekey=\"6LflgOYUAAAAAKaUk3Z8vpPKPRDABoojuEEesDPG\"><\/span>\n\t<\/p>\n<\/center>\n<p><input class=\"wpcf7-form-control wpcf7-submit has-spinner\" type=\"submit\" value=\"Enviar\" \/>\n<\/p><input type='hidden' class='wpcf7-pum' value='{\"closepopup\":false,\"closedelay\":0,\"openpopup\":false,\"openpopup_id\":0}' \/><div class=\"wpcf7-response-output\" aria-hidden=\"true\"><\/div>\n<\/form>\n<\/div>\n<\/div> <\/div><\/div>","protected":false},"excerpt":{"rendered":"<p>NUESTRA EMPRESA &nbsp;Consultor\u00eda y Servicios de&nbsp;tecnolog\u00edas de la Informaci\u00f3n&nbsp;con una amplia experiencia. La experiencia, nuestra filosof\u00eda de trabajo y la alta cualificaci\u00f3n de nuestros profesionales consolidan d\u00eda a d\u00eda a nuestra empresa en una posici\u00f3n destacada dentro de su sector. Desarollo de S\u00f3ftware, App y P\u00e1ginas Web. Somos especialistas en el desarrollo de soluciones s\u00f3ftware,&hellip; <br \/> <a class=\"button small blue\" href=\"https:\/\/www.a4i.es\/index.php\/2026\/04\/20\/alquiler_equipo\/\">Leer m\u00e1s<\/a><\/p>\n","protected":false},"author":1,"featured_media":0,"parent":0,"menu_order":0,"comment_status":"closed","ping_status":"closed","template":"","meta":{"footnotes":""},"class_list":["post-9","page","type-page","status-publish","hentry"],"_links":{"self":[{"href":"https:\/\/www.a4i.es\/index.php\/wp-json\/wp\/v2\/pages\/9","targetHints":{"allow":["GET"]}}],"collection":[{"href":"https:\/\/www.a4i.es\/index.php\/wp-json\/wp\/v2\/pages"}],"about":[{"href":"https:\/\/www.a4i.es\/index.php\/wp-json\/wp\/v2\/types\/page"}],"author":[{"embeddable":true,"href":"https:\/\/www.a4i.es\/index.php\/wp-json\/wp\/v2\/users\/1"}],"replies":[{"embeddable":true,"href":"https:\/\/www.a4i.es\/index.php\/wp-json\/wp\/v2\/comments?post=9"}],"version-history":[{"count":37,"href":"https:\/\/www.a4i.es\/index.php\/wp-json\/wp\/v2\/pages\/9\/revisions"}],"predecessor-version":[{"id":255,"href":"https:\/\/www.a4i.es\/index.php\/wp-json\/wp\/v2\/pages\/9\/revisions\/255"}],"wp:attachment":[{"href":"https:\/\/www.a4i.es\/index.php\/wp-json\/wp\/v2\/media?parent=9"}],"curies":[{"name":"wp","href":"https:\/\/api.w.org\/{rel}","templated":true}]}}